{"id":26,"date":"2020-07-22T11:38:35","date_gmt":"2020-07-22T09:38:35","guid":{"rendered":"https:\/\/storiigs-pics.fr\/a-propos-du-storiigs\/"},"modified":"2021-02-12T21:34:52","modified_gmt":"2021-02-12T20:34:52","slug":"a-propos-du-storiigs","status":"publish","type":"page","link":"https:\/\/storiigs-pics.fr\/","title":{"rendered":"A Propos du Storiig"},"content":{"rendered":"\n<div class=\"wp-block-image\"><figure class=\"alignleft size-medium is-resized\"><img loading=\"lazy\" decoding=\"async\" src=\"https:\/\/storiigs-pics.fr\/wp-content\/uploads\/2021\/02\/67878090_2295657637191515_4564889210116374528_o-152x300.jpg\" alt=\"\" class=\"wp-image-398\" width=\"226\" height=\"387\"\/><\/figure><\/div>\n\n\n<div class=\"ttr_a-propos-du-storiigs_html_row0 row\">\n<div class=\"post_column col-xl-12 col-lg-12 col-md-12 col-sm-12 col-xs-12 col-12\">\n<div class=\"ttr_a-propos-du-storiigs_html_column00\">\n<div class=\"margin_collapsetop\">&nbsp;<\/div>\n<div class=\"html_content\">\n<p style=\"text-align: Center; line-height: 1.49em;\"><span style=\"font-weight: 500; font-size: 2.571em;\">&nbsp;<\/span><span style=\"color: #696969; font-size: inherit; text-align: left;\">Une pr\u00e9sentation s&rsquo;impose<\/span><\/p>\n<\/div>\n<\/div>\n<\/div>\n<div class=\"post_column col-xl-12 col-lg-12 col-md-12 col-sm-12 col-xs-12 col-12\">\n<div class=\"ttr_a-propos-du-storiigs_html_column01\">\n<div class=\"html_content\">\n<p style=\"margin: 2px 0px 0px 8px; line-height: 1.99em; text-align: left;\">&nbsp;<\/p>\n<p style=\"margin: 2px 0px 0px 8px; line-height: 1.99em; text-align: left;\"><span style=\"color: rgba(105,105,105,1);\">J\u00e9r\u00f4me alias Storiig&rsquo;s Pics <\/span><\/p>\n<p style=\"margin: 2px 0px 0px 8px; line-height: 1.99em; text-align: left;\">&nbsp;<\/p>\n<p style=\"margin: 2px 0px 0px 8px; line-height: 1.99em; text-align: left;\"><span style=\"color: rgba(105,105,105,1);\">Les Ev\u00e8nements de notre vie m\u00e9ritent tous un souvenir , et quoi de plus fid\u00e8le qu&rsquo;une photo ? que ce soit pour un mariage, une soir\u00e9e, ou m\u00eame pour se rem\u00e9morer d&rsquo;un visage ou d&rsquo;un lieu<\/span><\/p>\n<p style=\"margin: 2px 0px 0px 8px; line-height: 1.99em; text-align: left;\">&nbsp;<\/p>\n<p style=\"margin: 2px 0px 0px 8px; line-height: 1.99em; text-align: left;\"><span style=\"color: rgba(105,105,105,1);\">c&rsquo;est pour cela qu&rsquo;en 2013 j&rsquo;ai d\u00e9cid\u00e9 de commencer \u00e0 photographier les moments dont on souhaite se souvenir le plus ( et dont on ne se souvient pas toujours forc\u00e9ment ) \u2026.<\/span><span style=\"color: rgba(105,105,105,1);\">&nbsp;les soir\u00e9es !<\/span><\/p>\n<p style=\"margin: 2px 0px 0px 8px; line-height: 1.99em; text-align: left;\">&nbsp;<\/p>\n<p style=\"margin: 2px 0px 0px 8px; line-height: 1.99em; text-align: left;\"><span style=\"color: rgba(105,105,105,1);\">se suivirent les premiers mariages , les premiers Shootings &#8230;<\/span><\/p>\n<p style=\"margin: 2px 0px 0px 8px; line-height: 1.99em; text-align: left;\">&nbsp;<\/p>\n<p style=\"margin: 2px 0px 0px 8px; line-height: 1.99em; text-align: left;\">&nbsp;<\/p>\n<p style=\"margin: 2px 0px 0px 8px; line-height: 1.99em; text-align: left;\"><span style=\"color: rgba(105,105,105,1);\">Je ne ferai pas une pr\u00e9sentation digne d&rsquo;un roman autobiographique , la meilleure fa\u00e7on de me d\u00e9crire restera l&#8217;empreinte de mes photos , color\u00e9es et naturelles mais avant tout spontan\u00e9es , <\/span><\/p>\n<p style=\"margin: 2px 0px 0px 8px; line-height: 1.99em; text-align: left;\">&nbsp;<\/p>\n<p style=\"margin: 2px 0px 0px 8px; line-height: 1.99em; text-align: left;\"><span style=\"color: rgba(105,105,105,1);\">\u00e0 mes yeux toutes personnes est photog\u00e9nique et m\u00e9rite de se voir telle qu&rsquo;elle est&nbsp;&nbsp;<\/span><\/p>\n<p style=\"margin: 2px 0px 0px 8px; line-height: 1.99em; text-align: left;\">&nbsp;<\/p>\n<p style=\"margin: 2px 0px 0px 8px; line-height: 1.99em; text-align: left;\"><span style=\"color: rgba(105,105,105,1);\">la seule limite que je vous donnerai est votre propre folie , votre propre imagination&nbsp;&nbsp; <\/span><\/p>\n<p style=\"margin: 2px 0px 0px 8px; line-height: 1.99em; text-align: left;\">&nbsp;<\/p>\n<p style=\"margin: 2px 0px 0px 8px; line-height: 1.99em; text-align: right;\">&nbsp;<\/p>\n<p style=\"margin: 2px 0px 0px 8px; line-height: 1.99em; text-align: right;\">&nbsp;<\/p>\n<p style=\"margin: 2px 0px 0px 8px; line-height: 1.99em; text-align: right;\">&nbsp;<\/p>\n<p style=\"margin: 2px 0px 0px 8px; line-height: 1.99em; text-align: right;\">&nbsp;<\/p>\n<p style=\"margin: 2px 0px 0px 8px; line-height: 1.99em; text-align: right;\"><span style=\"color: rgba(105,105,105,1);\">&nbsp; &nbsp; &nbsp;<\/span><\/p>\n<p style=\"margin: 2px 0px 0px 8px; line-height: 1.99em; text-align: right;\"><span style=\"color: rgba(105,105,105,1);\">\u00a0\u00bb Le plaisir d&rsquo;immortaliser vos souvenirs \u00ab\u00a0<\/span><\/p>\n<\/div>\n<div class=\"margin_collapsetop\" style=\"text-align: right;\">&nbsp;<\/div>\n<div style=\"clear: both; width: 0px; text-align: right;\">&nbsp;<\/div>\n<\/div>\n<\/div>\n<div class=\" visible-lg-block d-xl-block d-lg-block visible-md-block d-md-block visible-sm-block d-sm-block visible-xs-block d-block\" style=\"clear: both; width: 0px; text-align: left;\">&nbsp;<\/div>\n<\/div>","protected":false},"excerpt":{"rendered":"<p>&nbsp; &nbsp;Une pr\u00e9sentation s&rsquo;impose &nbsp; J\u00e9r\u00f4me alias Storiig&rsquo;s Pics &nbsp; Les Ev\u00e8nements de notre vie m\u00e9ritent tous un souvenir , et quoi de plus fid\u00e8le qu&rsquo;une photo ? que ce soit pour un mariage, une soir\u00e9e, ou m\u00eame pour se rem\u00e9morer d&rsquo;un visage ou d&rsquo;un lieu &nbsp; c&rsquo;est pour cela qu&rsquo;en 2013 j&rsquo;ai d\u00e9cid\u00e9 de &hellip; <\/p>\n<p class=\"link-more\"><a href=\"https:\/\/storiigs-pics.fr\/\" class=\"more-link\">Continuer la lecture<span class=\"screen-reader-text\"> de &laquo;&nbsp;A Propos du Storiig&nbsp;&raquo;<\/span><\/a><\/p>\n","protected":false},"author":1,"featured_media":0,"parent":0,"menu_order":1,"comment_status":"closed","ping_status":"closed","template":"","meta":{"ngg_post_thumbnail":0,"footnotes":""},"class_list":["post-26","page","type-page","status-publish","hentry"],"_links":{"self":[{"href":"https:\/\/storiigs-pics.fr\/index.php?rest_route=\/wp\/v2\/pages\/26","targetHints":{"allow":["GET"]}}],"collection":[{"href":"https:\/\/storiigs-pics.fr\/index.php?rest_route=\/wp\/v2\/pages"}],"about":[{"href":"https:\/\/storiigs-pics.fr\/index.php?rest_route=\/wp\/v2\/types\/page"}],"author":[{"embeddable":true,"href":"https:\/\/storiigs-pics.fr\/index.php?rest_route=\/wp\/v2\/users\/1"}],"replies":[{"embeddable":true,"href":"https:\/\/storiigs-pics.fr\/index.php?rest_route=%2Fwp%2Fv2%2Fcomments&post=26"}],"version-history":[{"count":17,"href":"https:\/\/storiigs-pics.fr\/index.php?rest_route=\/wp\/v2\/pages\/26\/revisions"}],"predecessor-version":[{"id":755,"href":"https:\/\/storiigs-pics.fr\/index.php?rest_route=\/wp\/v2\/pages\/26\/revisions\/755"}],"wp:attachment":[{"href":"https:\/\/storiigs-pics.fr\/index.php?rest_route=%2Fwp%2Fv2%2Fmedia&parent=26"}],"curies":[{"name":"wp","href":"https:\/\/api.w.org\/{rel}","templated":true}]}}