{"id":360,"date":"2021-02-02T20:29:18","date_gmt":"2021-02-02T19:29:18","guid":{"rendered":"https:\/\/storiigs-pics.fr\/?page_id=360"},"modified":"2021-02-07T21:54:49","modified_gmt":"2021-02-07T20:54:49","slug":"mariages","status":"publish","type":"page","link":"https:\/\/storiigs-pics.fr\/?page_id=360","title":{"rendered":"Mariages"},"content":{"rendered":"\n<p>L&rsquo;un des plus beau jour de votre vie m\u00e9rite des souvenirs \u00e0 la hauteur de cet \u00e9v\u00e8nement !<\/p>\n\n\n\nngg_shortcode_0_placeholder\n\n\n\n<p>         Quel que soit le nombre d&rsquo;invit\u00e9s , le lieu ou la m\u00e9t\u00e9o , votre mariage m\u00e9rite des souvenirs que l&rsquo;on prend plaisir \u00e0 regarder m\u00eame des ann\u00e9es plus tard <\/p>\n\n\n\n<p>         De la pr\u00e9paration des mari\u00e9s jusqu&rsquo;\u00e0 la d\u00e9coupe du g\u00e2teau, chaque moment photographi\u00e9 peut \u00eatre un sourire  en se rem\u00e9morant l&rsquo;instant , que ce soit une photo de groupe , une photo prise sur l&rsquo;instant par exemple<\/p>\n","protected":false},"excerpt":{"rendered":"<p>L&rsquo;un des plus beau jour de votre vie m\u00e9rite des souvenirs \u00e0 la hauteur de cet \u00e9v\u00e8nement ! Quel que soit le nombre d&rsquo;invit\u00e9s , le lieu ou la m\u00e9t\u00e9o , votre mariage m\u00e9rite des souvenirs que l&rsquo;on prend plaisir \u00e0 regarder m\u00eame des ann\u00e9es plus tard De la pr\u00e9paration des mari\u00e9s jusqu&rsquo;\u00e0 la d\u00e9coupe &hellip; <\/p>\n<p class=\"link-more\"><a href=\"https:\/\/storiigs-pics.fr\/?page_id=360\" class=\"more-link\">Continuer la lecture<span class=\"screen-reader-text\"> de &laquo;&nbsp;Mariages&nbsp;&raquo;<\/span><\/a><\/p>\n","protected":false},"author":1,"featured_media":0,"parent":0,"menu_order":0,"comment_status":"closed","ping_status":"closed","template":"","meta":{"ngg_post_thumbnail":0,"footnotes":""},"class_list":["post-360","page","type-page","status-publish","hentry"],"_links":{"self":[{"href":"https:\/\/storiigs-pics.fr\/index.php?rest_route=\/wp\/v2\/pages\/360","targetHints":{"allow":["GET"]}}],"collection":[{"href":"https:\/\/storiigs-pics.fr\/index.php?rest_route=\/wp\/v2\/pages"}],"about":[{"href":"https:\/\/storiigs-pics.fr\/index.php?rest_route=\/wp\/v2\/types\/page"}],"author":[{"embeddable":true,"href":"https:\/\/storiigs-pics.fr\/index.php?rest_route=\/wp\/v2\/users\/1"}],"replies":[{"embeddable":true,"href":"https:\/\/storiigs-pics.fr\/index.php?rest_route=%2Fwp%2Fv2%2Fcomments&post=360"}],"version-history":[{"count":15,"href":"https:\/\/storiigs-pics.fr\/index.php?rest_route=\/wp\/v2\/pages\/360\/revisions"}],"predecessor-version":[{"id":654,"href":"https:\/\/storiigs-pics.fr\/index.php?rest_route=\/wp\/v2\/pages\/360\/revisions\/654"}],"wp:attachment":[{"href":"https:\/\/storiigs-pics.fr\/index.php?rest_route=%2Fwp%2Fv2%2Fmedia&parent=360"}],"curies":[{"name":"wp","href":"https:\/\/api.w.org\/{rel}","templated":true}]}}