{"id":365,"date":"2021-02-02T20:29:18","date_gmt":"2021-02-02T19:29:18","guid":{"rendered":"https:\/\/storiigs-pics.fr\/?page_id=365"},"modified":"2021-02-07T21:54:18","modified_gmt":"2021-02-07T20:54:18","slug":"soirees-evenementiel","status":"publish","type":"page","link":"https:\/\/storiigs-pics.fr\/?page_id=365","title":{"rendered":"Soir\u00e9es , Evenementiel"},"content":{"rendered":"\n<h2 class=\"wp-block-heading\">         Plut\u00f4t reportage d&rsquo;un \u00e9v\u00e8nement historique ?<\/h2>\n\n\n\nngg_shortcode_0_placeholder\n\n\n\n<h2 class=\"wp-block-heading\">Ou Ev\u00e8nement Associatif ? <\/h2>\n\n\n\nngg_shortcode_1_placeholder\n\n\n\n<h2 class=\"wp-block-heading\">Ou m\u00eame si vous \u00eates une Discoth\u00e8que ou un lieu de f\u00eate<\/h2>\n\n\n\nngg_shortcode_2_placeholder\n","protected":false},"excerpt":{"rendered":"<p>Plut\u00f4t reportage d&rsquo;un \u00e9v\u00e8nement historique ? Ou Ev\u00e8nement Associatif ? Ou m\u00eame si vous \u00eates une Discoth\u00e8que ou un lieu de f\u00eate<\/p>\n","protected":false},"author":1,"featured_media":0,"parent":0,"menu_order":0,"comment_status":"closed","ping_status":"closed","template":"","meta":{"ngg_post_thumbnail":0,"footnotes":""},"class_list":["post-365","page","type-page","status-publish","hentry"],"_links":{"self":[{"href":"https:\/\/storiigs-pics.fr\/index.php?rest_route=\/wp\/v2\/pages\/365","targetHints":{"allow":["GET"]}}],"collection":[{"href":"https:\/\/storiigs-pics.fr\/index.php?rest_route=\/wp\/v2\/pages"}],"about":[{"href":"https:\/\/storiigs-pics.fr\/index.php?rest_route=\/wp\/v2\/types\/page"}],"author":[{"embeddable":true,"href":"https:\/\/storiigs-pics.fr\/index.php?rest_route=\/wp\/v2\/users\/1"}],"replies":[{"embeddable":true,"href":"https:\/\/storiigs-pics.fr\/index.php?rest_route=%2Fwp%2Fv2%2Fcomments&post=365"}],"version-history":[{"count":5,"href":"https:\/\/storiigs-pics.fr\/index.php?rest_route=\/wp\/v2\/pages\/365\/revisions"}],"predecessor-version":[{"id":653,"href":"https:\/\/storiigs-pics.fr\/index.php?rest_route=\/wp\/v2\/pages\/365\/revisions\/653"}],"wp:attachment":[{"href":"https:\/\/storiigs-pics.fr\/index.php?rest_route=%2Fwp%2Fv2%2Fmedia&parent=365"}],"curies":[{"name":"wp","href":"https:\/\/api.w.org\/{rel}","templated":true}]}}